{"id":9,"date":"2014-11-27T15:12:34","date_gmt":"2014-11-27T15:12:34","guid":{"rendered":"http:\/\/feedomatic.comfortchicks.com\/?page_id=9"},"modified":"2014-12-05T13:45:33","modified_gmt":"2014-12-05T13:45:33","slug":"get-started","status":"publish","type":"page","link":"https:\/\/feedomatic.com\/de\/get-started\/","title":{"rendered":"Sofort Anfangen"},"content":{"rendered":"<p><\/p>\n<h2>Haben Sie \u00c4rger mit M\u00e4usen, Ratten oder V\u00f6gel, die das Futter Ihrer Tiere fressen?<\/h2>\n<p><strong>Seit kurzem produziert Olba ihren eigenen Futterautomat mit Trittklappe f\u00fcr Gefl\u00fcgel, n\u00e4mlich den \u201eFeedomatic\u201c. Entdecken Sie selbst die Vorteile und Verbesserungen dieses Produkts!<\/strong><\/p>\n<p>Mit dem Feedomatic, durch Olba entworfen und produziert, Werden Sie keine Last haben von M\u00e4usen, Ratten oder V\u00f6gel. Wenn Ihre Tiere (Gefl\u00fcgel) auf das Plastikpedal (Tritt) stehen gehen, \u00f6ffnet sich bei dem Feedomatic die zugangsklappe zum Futter. Auf diese Weise kann kein Ungeziefer ans Futter Ihres Gefl\u00fcgels kommen!<\/p>\n<p>Der Feedomatic ist in einer Variante mit12Kg und einer mit 20Kg an Futterkapazit\u00e4t lieferbar. Durch den gro\u00dfen Futtervorrad spart er Ihnen viel Arbeit mit dem Wiederauff\u00fcllen. Das wichtigste jedoch ist, dass das Futter trocken und besch\u00fctzt bleibt. Und dies ist genau die St\u00e4rke des Feedomatic!<\/p>\n<p>Welche sind die Vorteile des neuen Feedomatic?<\/p>\n<ul>\n<li>Bessere Wetterbest\u00e4ndigkeit durch eine bessere Abdichtung<\/li>\n<li>Der Futtertrog aus dem die Tiere fressen ist aus Plastik und hat abgerundete Ecken. Hierdurch ist das Wachsen von Schimmeln stark reduziert.<\/li>\n<li>Die spezielle Form des Futterautomaten (Trog) sorgt daf\u00fcr, dass die Tiere das Futter nicht aus dem Trog kratzen k\u00f6nnen. Die Zwischenw\u00e4nde und der Anti \u00dcberlaufrand sorgen daf\u00fcr! Futterverschwendung wird hiermit auf ein Minimum reduziert!<\/li>\n<li>Leichtes Wiederauff\u00fcllen\/F\u00fcllen des Futterautomaten durch dass der Deckel senkrecht stehen bleibt. Wenn der Deckel zugedr\u00fcckt wird, schlie\u00dft er sich auch automatisch ab.<\/li>\n<li>Plastikpedal (Tritt) aus sehr langlebigem Kunststoff und auf dem kein Mist liegen bleibt.<\/li>\n<li>Umfangreiche M\u00f6glichkeiten um das Gewicht einzustellen, das die Futterklappe \u00f6ffnet. Dies ist abh\u00e4ngig von der Gefl\u00fcgelart. Das minimal einstellbare Gewicht betr\u00e4gt 250g und das maximale Gewicht 2Kg. F\u00fcr Tiere mit einem Gewicht von z.B. 500g stellen Sie das Tretpedal auf 250g ein und f\u00fcr Tiere mit einem Gewicht von 5 Kg sollte das Tretpedal auf 2 Kg eingestellt werden.<\/li>\n<li>Alle Kunststoffteile sind aus hochwertigen Materialen hergestellt. Diese sind best\u00e4ndig gegen UV-Strahlung f\u00fcr eine noch l\u00e4ngere Lebensdauer!<\/li>\n<li>Die verzinkten Blechteile haben eine Dicke von 1mm. Das macht den Feedomatic sehr stabil!<\/li>\n<li>Weil der Trog aus Kunststoff gefertigt ist, macht der Feedomatic auch weniger L\u00e4rm! Metall auf Kunststoff macht weniger Ger\u00e4usch als Metall auf Metall!<\/li>\n<li>Sehr pr\u00e4zise hergestelltes Produkt, ohne N\u00e4hte und Schlitze. Mit den modernsten Metallbearbeitungsmaschinen hergestellt bei Olba in Coevorden.<\/li>\n<li>Seht starke doppelte Wellenkartonverpackung um Transportsch\u00e4den vorzubeugen.<\/li>\n<li>Wundervoller Look durch die Kombination von gr\u00fcnem Kunststoffteilen mit Verzinktem Blechwerk.<\/li>\n<\/ul>\n<p><strong>TESTEN SIE SELBST DEN NEUEN FEEDOMATIC UND ERFAHREN SIE SEINE VOORTEILE!<\/strong><\/p>","protected":false},"excerpt":{"rendered":"<p>Haben Sie \u00c4rger mit M\u00e4usen, Ratten oder V\u00f6gel, die das Futter Ihrer Tiere fressen? Seit kurzem produziert Olba ihren eigenen Futterautomat mit Trittklappe f\u00fcr Gefl\u00fcgel, n\u00e4mlich den \u201eFeedomatic\u201c. Entdecken Sie selbst die Vorteile und Verbesserungen dieses Produkts! Mit dem Feedomatic, durch Olba entworfen und produziert, Werden Sie keine Last haben von M\u00e4usen, Ratten oder V\u00f6gel. [&hellip;]<\/p>\n","protected":false},"author":3,"featured_media":0,"parent":0,"menu_order":0,"comment_status":"closed","ping_status":"closed","template":"","meta":{"_monsterinsights_skip_tracking":false,"_monsterinsights_sitenote_active":false,"_monsterinsights_sitenote_note":"","_monsterinsights_sitenote_category":0,"footnotes":""},"class_list":["post-9","page","type-page","status-publish","hentry"],"yoast_head":"<!-- This site is optimized with the Yoast SEO plugin v27.5 - https:\/\/yoast.com\/product\/yoast-seo-wordpress\/ -->\n<title>Get startedDirect beginnenSofort AnfangenD\u00e9marrage rapide - Feedomatic<\/title>\n<meta name=\"robots\" content=\"index, follow, max-snippet:-1, max-image-preview:large, max-video-preview:-1\" \/>\n<link rel=\"canonical\" href=\"https:\/\/feedomatic.com\/fr\/get-started\/\" \/>\n<meta property=\"og:locale\" content=\"de_DE\" \/>\n<meta property=\"og:type\" content=\"article\" \/>\n<meta property=\"og:title\" content=\"Get startedDirect beginnenSofort AnfangenD\u00e9marrage rapide - Feedomatic\" \/>\n<meta property=\"og:description\" content=\"Haben Sie \u00c4rger mit M\u00e4usen, Ratten oder V\u00f6gel, die das Futter Ihrer Tiere fressen? Seit kurzem produziert Olba ihren eigenen Futterautomat mit Trittklappe f\u00fcr Gefl\u00fcgel, n\u00e4mlich den \u201eFeedomatic\u201c. Entdecken Sie selbst die Vorteile und Verbesserungen dieses Produkts! Mit dem Feedomatic, durch Olba entworfen und produziert, Werden Sie keine Last haben von M\u00e4usen, Ratten oder V\u00f6gel. [&hellip;]\" \/>\n<meta property=\"og:url\" content=\"https:\/\/feedomatic.com\/fr\/get-started\/\" \/>\n<meta property=\"og:site_name\" content=\"Feedomatic\" \/>\n<meta property=\"article:modified_time\" content=\"2014-12-05T13:45:33+00:00\" \/>\n<meta name=\"twitter:card\" content=\"summary_large_image\" \/>\n<meta name=\"twitter:label1\" content=\"Gesch\u00e4tzte Lesezeit\" \/>\n\t<meta name=\"twitter:data1\" content=\"9\u00a0Minuten\" \/>\n<script type=\"application\/ld+json\" class=\"yoast-schema-graph\">{\"@context\":\"https:\\\/\\\/schema.org\",\"@graph\":[{\"@type\":\"WebPage\",\"@id\":\"https:\\\/\\\/feedomatic.com\\\/fr\\\/get-started\\\/\",\"url\":\"https:\\\/\\\/feedomatic.com\\\/fr\\\/get-started\\\/\",\"name\":\"Get startedDirect beginnenSofort AnfangenD\u00e9marrage rapide - Feedomatic\",\"isPartOf\":{\"@id\":\"https:\\\/\\\/feedomatic.com\\\/#website\"},\"datePublished\":\"2014-11-27T15:12:34+00:00\",\"dateModified\":\"2014-12-05T13:45:33+00:00\",\"breadcrumb\":{\"@id\":\"https:\\\/\\\/feedomatic.com\\\/fr\\\/get-started\\\/#breadcrumb\"},\"inLanguage\":\"de\",\"potentialAction\":[{\"@type\":\"ReadAction\",\"target\":[\"https:\\\/\\\/feedomatic.com\\\/fr\\\/get-started\\\/\"]}]},{\"@type\":\"BreadcrumbList\",\"@id\":\"https:\\\/\\\/feedomatic.com\\\/fr\\\/get-started\\\/#breadcrumb\",\"itemListElement\":[{\"@type\":\"ListItem\",\"position\":1,\"name\":\"Home\",\"item\":\"https:\\\/\\\/feedomatic.com\\\/\"},{\"@type\":\"ListItem\",\"position\":2,\"name\":\"D\u00e9marrage rapide\"}]},{\"@type\":\"WebSite\",\"@id\":\"https:\\\/\\\/feedomatic.com\\\/#website\",\"url\":\"https:\\\/\\\/feedomatic.com\\\/\",\"name\":\"Feedomatic\",\"description\":\"Feedomatic Futterautomat mit Trittplatte\",\"potentialAction\":[{\"@type\":\"SearchAction\",\"target\":{\"@type\":\"EntryPoint\",\"urlTemplate\":\"https:\\\/\\\/feedomatic.com\\\/?s={search_term_string}\"},\"query-input\":{\"@type\":\"PropertyValueSpecification\",\"valueRequired\":true,\"valueName\":\"search_term_string\"}}],\"inLanguage\":\"de\"}]}<\/script>\n<!-- \/ Yoast SEO plugin. -->","yoast_head_json":{"title":"Get startedDirect beginnenSofort AnfangenD\u00e9marrage rapide - Feedomatic","robots":{"index":"index","follow":"follow","max-snippet":"max-snippet:-1","max-image-preview":"max-image-preview:large","max-video-preview":"max-video-preview:-1"},"canonical":"https:\/\/feedomatic.com\/fr\/get-started\/","og_locale":"de_DE","og_type":"article","og_title":"Get startedDirect beginnenSofort AnfangenD\u00e9marrage rapide - Feedomatic","og_description":"Haben Sie \u00c4rger mit M\u00e4usen, Ratten oder V\u00f6gel, die das Futter Ihrer Tiere fressen? Seit kurzem produziert Olba ihren eigenen Futterautomat mit Trittklappe f\u00fcr Gefl\u00fcgel, n\u00e4mlich den \u201eFeedomatic\u201c. Entdecken Sie selbst die Vorteile und Verbesserungen dieses Produkts! Mit dem Feedomatic, durch Olba entworfen und produziert, Werden Sie keine Last haben von M\u00e4usen, Ratten oder V\u00f6gel. [&hellip;]","og_url":"https:\/\/feedomatic.com\/fr\/get-started\/","og_site_name":"Feedomatic","article_modified_time":"2014-12-05T13:45:33+00:00","twitter_card":"summary_large_image","twitter_misc":{"Gesch\u00e4tzte Lesezeit":"9\u00a0Minuten"},"schema":{"@context":"https:\/\/schema.org","@graph":[{"@type":"WebPage","@id":"https:\/\/feedomatic.com\/fr\/get-started\/","url":"https:\/\/feedomatic.com\/fr\/get-started\/","name":"Get startedDirect beginnenSofort AnfangenD\u00e9marrage rapide - Feedomatic","isPartOf":{"@id":"https:\/\/feedomatic.com\/#website"},"datePublished":"2014-11-27T15:12:34+00:00","dateModified":"2014-12-05T13:45:33+00:00","breadcrumb":{"@id":"https:\/\/feedomatic.com\/fr\/get-started\/#breadcrumb"},"inLanguage":"de","potentialAction":[{"@type":"ReadAction","target":["https:\/\/feedomatic.com\/fr\/get-started\/"]}]},{"@type":"BreadcrumbList","@id":"https:\/\/feedomatic.com\/fr\/get-started\/#breadcrumb","itemListElement":[{"@type":"ListItem","position":1,"name":"Home","item":"https:\/\/feedomatic.com\/"},{"@type":"ListItem","position":2,"name":"D\u00e9marrage rapide"}]},{"@type":"WebSite","@id":"https:\/\/feedomatic.com\/#website","url":"https:\/\/feedomatic.com\/","name":"Feedomatic","description":"Feedomatic Futterautomat mit Trittplatte","potentialAction":[{"@type":"SearchAction","target":{"@type":"EntryPoint","urlTemplate":"https:\/\/feedomatic.com\/?s={search_term_string}"},"query-input":{"@type":"PropertyValueSpecification","valueRequired":true,"valueName":"search_term_string"}}],"inLanguage":"de"}]}},"_links":{"self":[{"href":"https:\/\/feedomatic.com\/de\/wp-json\/wp\/v2\/pages\/9","targetHints":{"allow":["GET"]}}],"collection":[{"href":"https:\/\/feedomatic.com\/de\/wp-json\/wp\/v2\/pages"}],"about":[{"href":"https:\/\/feedomatic.com\/de\/wp-json\/wp\/v2\/types\/page"}],"author":[{"embeddable":true,"href":"https:\/\/feedomatic.com\/de\/wp-json\/wp\/v2\/users\/3"}],"replies":[{"embeddable":true,"href":"https:\/\/feedomatic.com\/de\/wp-json\/wp\/v2\/comments?post=9"}],"version-history":[{"count":0,"href":"https:\/\/feedomatic.com\/de\/wp-json\/wp\/v2\/pages\/9\/revisions"}],"wp:attachment":[{"href":"https:\/\/feedomatic.com\/de\/wp-json\/wp\/v2\/media?parent=9"}],"curies":[{"name":"wp","href":"https:\/\/api.w.org\/{rel}","templated":true}]}}